{"id":208,"date":"2022-04-08T11:26:02","date_gmt":"2022-04-08T09:26:02","guid":{"rendered":"https:\/\/www.alessandrafaraonioculista.it\/?page_id=208"},"modified":"2022-04-08T14:13:41","modified_gmt":"2022-04-08T12:13:41","slug":"glaucoma","status":"publish","type":"page","link":"https:\/\/www.alessandrafaraonioculista.it\/?page_id=208","title":{"rendered":"GLAUCOMA"},"content":{"rendered":"\n<p class=\"has-white-background-color has-background\">Il<strong> GLAUCOMA<\/strong> \u00e8 la <strong>seconda causa di cecit\u00e0 nel mondo<\/strong> ed \u00e8 ritenuta <strong>malattia sociale<\/strong>. Quasi 70 milioni di persone nel mondo hanno una diagnosi di glaucoma e la malattia aumenta nella fascia di et\u00e0 sopra i 40 anni e nella razza nera. Un sesto dei glaucomi \u00e8 ereditario.<\/p>\n\n\n\n<p class=\"has-white-background-color has-background\">\u00c8 una neuropatia ottica cronica progressiva. L\u2019occhio glaucomatoso \u00e8 caratterizzato da un aumento dell\u2019escavazione della papilla ottica, da alterazioni del campo visivo e, molto frequentemente, da una pressione oculare elevata.<\/p>\n\n\n\n<p class=\"has-white-background-color has-background\">Proprio la pressione intraoculare, da sola o associata ad altri fattori di rischio, \u00e8 l\u2019elemento patogenetico determinante i danni anatomici e funzionali a livello oculare.<\/p>\n\n\n\n<p class=\"has-white-background-color has-background\">Esistono diversi tipi di glaucoma e una diagnosi differenziale, volta ad indicarne la specifica forma, \u00e8 necessaria al fine di un\u2019adeguata prognosi visiva e di una terapia mirata.<\/p>\n\n\n\n<p class=\"has-white-background-color has-background\"><strong>Il GLAUCOMA \u00e8 una malattia silente, che purtroppo non d\u00e0 al paziente sintomi precoci particolari e, se non si esegue un controllo preventivo, pu\u00f2 rimanere misconosciuta per anni, fino a quando non compare un ipovisus marcato o, addirittura, la cecit\u00e0.<\/strong><\/p>\n\n\n\n<p class=\"has-white-background-color has-background\">Senza gli adeguati controlli, infatti, il paziente si accorger\u00e0 della diminuzione della vista e del campo visivo solo nelle fasi tardive della patologia, quando, oramai, spesso il danno \u00e8 irreversibile.<\/p>\n\n\n\n<p class=\"has-white-background-color has-background\">Per questo motivo \u00e8 importante eseguire periodicamente un\u2019accurata visita oculistica, al fine di ottenere una diagnosi precoce della malattia in uno stadio ancora iniziale, cio\u00e8 senza avere gi\u00e0 sviluppato danni gravi del campo visivo o del nervo ottico.<\/p>\n\n\n\n<p class=\"has-white-background-color has-background\">In caso di diagnosi di questa malattia, poi, \u00e8 importante e consigliabile essere seguiti in maniera cronica e puntuale da un oculista specializzato in glaucoma.&nbsp;<\/p>\n\n\n\n<p class=\"has-white-background-color has-background\"><strong>I pazienti con diagnosi o sospetto clinico di GLAUCOMA possono rivolgersi alla Dott.ssa FARAONI per un appuntamento mirato<\/strong>.<\/p>\n","protected":false},"excerpt":{"rendered":"<p>Il GLAUCOMA \u00e8 la seconda causa di cecit\u00e0 nel mondo ed \u00e8 ritenuta malattia sociale. Quasi 70 milioni di persone nel mondo hanno una diagnosi di glaucoma e la malattia &hellip; <\/p>\n","protected":false},"author":3,"featured_media":0,"parent":0,"menu_order":0,"comment_status":"closed","ping_status":"closed","template":"","meta":{"footnotes":""},"class_list":["post-208","page","type-page","status-publish","hentry"],"_links":{"self":[{"href":"https:\/\/www.alessandrafaraonioculista.it\/index.php?rest_route=\/wp\/v2\/pages\/208","targetHints":{"allow":["GET"]}}],"collection":[{"href":"https:\/\/www.alessandrafaraonioculista.it\/index.php?rest_route=\/wp\/v2\/pages"}],"about":[{"href":"https:\/\/www.alessandrafaraonioculista.it\/index.php?rest_route=\/wp\/v2\/types\/page"}],"author":[{"embeddable":true,"href":"https:\/\/www.alessandrafaraonioculista.it\/index.php?rest_route=\/wp\/v2\/users\/3"}],"replies":[{"embeddable":true,"href":"https:\/\/www.alessandrafaraonioculista.it\/index.php?rest_route=%2Fwp%2Fv2%2Fcomments&post=208"}],"version-history":[{"count":3,"href":"https:\/\/www.alessandrafaraonioculista.it\/index.php?rest_route=\/wp\/v2\/pages\/208\/revisions"}],"predecessor-version":[{"id":246,"href":"https:\/\/www.alessandrafaraonioculista.it\/index.php?rest_route=\/wp\/v2\/pages\/208\/revisions\/246"}],"wp:attachment":[{"href":"https:\/\/www.alessandrafaraonioculista.it\/index.php?rest_route=%2Fwp%2Fv2%2Fmedia&parent=208"}],"curies":[{"name":"wp","href":"https:\/\/api.w.org\/{rel}","templated":true}]}}