{"id":138,"date":"2022-03-09T15:46:19","date_gmt":"2022-03-09T14:46:19","guid":{"rendered":"https:\/\/www.alessandrafaraonioculista.it\/?page_id=138"},"modified":"2022-04-08T11:46:56","modified_gmt":"2022-04-08T09:46:56","slug":"neuroftalmologia","status":"publish","type":"page","link":"https:\/\/www.alessandrafaraonioculista.it\/?page_id=138","title":{"rendered":"NEUROFTALMOLOGIA"},"content":{"rendered":"\n<div class=\"wp-block-group has-black-color has-white-background-color has-text-color has-background\"><div class=\"wp-block-group__inner-container is-layout-flow wp-block-group-is-layout-flow\">\n<p class=\"has-black-color has-text-color\"><strong>La NEUROFTALMOLOGIA&nbsp;si occupa delle&nbsp;malattie che interessano le strutture<\/strong> <strong>neurologiche del sistema visivo, dalla retina al nervo ottico fino alle aree cerebrali.<\/strong><\/p>\n\n\n\n<p class=\"has-text-align-left has-black-color has-white-background-color has-text-color has-background\"><strong>Il\u00a0neuroftalmologo<\/strong>\u00a0<strong>identifica la causa e il trattamento di disturbi visivi che spesso sono di difficile inquadramento<\/strong>, quali\u00a0scotomi,\u00a0difetti periferici\u00a0del campo visivo o\u00a0emianopsie, perdita della visione dei colori,\u00a0diplopia,\u00a0disturbi dei movimenti oculari,\u00a0esoftalmo\u00a0e\u00a0ptosi palpebrale\u00a0o anisocoria.<\/p>\n\n\n\n<p class=\"has-black-color has-text-color\">L<strong>a<\/strong>&nbsp;<strong>VALUTAZIONE NEUROFTALMOLOGICA<\/strong>&nbsp;non \u00e8 una semplice visita oculistica, bens\u00ec <strong>\u00e8 un esame clinico complesso e specifico<\/strong> che, oltre alla visita oculistica completa (esame dell&#8217;acuit\u00e0 visiva per lontano e per vicino, tonometria ad applanazione di Goldamann o I-Care, valutazione del segmento anteriore e del fondo oculare dopo midriasi farmacologica), va ad analizzare nello specifico i riflessi pupillari, la visione dei colori, la motilit\u00e0 oculare e le alterazioni patologiche anatomiche del bulbo oculare. In aggiunta, pu\u00f2 essere richiesta un&#8217;analisi integrata funzione-struttura mediante la valutazione dell\u2019esame del campo visivo computerizzato e lo Spectral Domain&nbsp;OCT&nbsp;(Tomografia Ottica a Radiazione Coerente) per l\u2019analisi dello spessore delle fibre nervose retiniche e delle cellule ganglionari retiniche e delle strutture cellulari o vascolari della retina e del nervo ottico.<\/p>\n\n\n\n<p class=\"has-black-color has-text-color\">L\u2019attivit\u00e0 della neuroftalmologa si caratterizza, per l\u2019interazione interdisciplinare con il coinvoligimento di pi\u00f9 specialisti, fondamentale per il corretto inquadramento diagnostico, l\u2019adeguata gestione terapeutica e il monitoraggio di patologie complesse e spesso di difficile diagnosi: patologie sistemiche o neurologiche si possono infatti manifestare con sintomi e segni&nbsp;a carico del sistema visivo quale prima, e a volte unica, manifestazione clinica.<\/p>\n\n\n\n<p class=\"has-black-color has-text-color\">La Dott.ssa Alessandra Faraoni, negli anni, ha costruito una fitta e solida rete di contatti e possibilit\u00e0 di interazione e confronto con diversi specialisti di Neurologia, Medicina Interna, Endocrinologia, Neurochirurgia, Chirurgia Maxillo Facciale dell&#8217;ASUFC e dell\u2019Ospedale Gervasutta.<\/p>\n\n\n\n<p class=\"has-black-color has-text-color\">L\u2019ambito \u00e8 iperspecialistico e di secondo livello.<\/p>\n\n\n\n<p class=\"has-black-color has-text-color\">I pazienti con diagnosi o sospetto clinico di patologie neuroftalmologiche possono rivolgersi alla Dott.ssa Alessandra Faraoni per un consulto ultraspecialistico.<\/p>\n<\/div><\/div>\n\n\n\n<p class=\"has-black-color has-white-background-color has-text-color has-background\"><strong>LE PRINCIPALI PATOLOGIE NEUROFTALMOLOGICHE TRATTATE SONO<\/strong>:<\/p>\n\n\n\n<p class=\"has-black-color has-white-background-color has-text-color has-background\">&#8211; patologie del nervo ottico (anomalie congenite, papilledema, ipertensione endocranica benigna,&nbsp;&nbsp; neuropatie ottiche compressive e infiltrative, neuropatie ottiche ischemiche, neuriti ottiche, atrofie ottiche ereditarie, neuropatie ottiche traumatiche e tossico carenziali) &nbsp;&nbsp;&nbsp;<\/p>\n\n\n\n<p class=\"has-black-color has-white-background-color has-text-color has-background\">&#8211; patologie del chiasma ottico (tumori chiasmatici, aneurismi soprasellari, sindrome della sella vuota)&nbsp;&nbsp;<\/p>\n\n\n\n<p class=\"has-black-color has-white-background-color has-text-color has-background\">&#8211; patologie delle vie ottiche retrochiasmatiche e della corteccia visiva&nbsp;&nbsp;&nbsp;&nbsp;&nbsp;&nbsp;&nbsp;&nbsp;&nbsp;<\/p>\n\n\n\n<p class=\"has-black-color has-white-background-color has-text-color has-background\">&#8211; disturbi della motilit\u00e0 oculare (nistagmo, III, IV e VI nervo cranico)<\/p>\n\n\n\n<p class=\"has-black-color has-white-background-color has-text-color has-background\">&#8211; miopatie oculari (miosite, miastenia gravis, miopatia restrittiva tiroidea)<\/p>\n\n\n\n<p class=\"has-black-color has-white-background-color has-text-color has-background\">&#8211; patologie orbitarie (oftalmopatia basedowiana, tumori orbitari, malformazioni arterovascolari, fistola carotido-cavernosa, cellulite orbitaria)&nbsp;&nbsp;&nbsp;&nbsp; &nbsp;&nbsp;&nbsp;&nbsp;<\/p>\n\n\n\n<p class=\"has-black-color has-white-background-color has-text-color has-background\">&#8211; anomalie pupillari<\/p>\n\n\n\n<p class=\"has-black-color has-white-background-color has-text-color has-background\">&#8211; cefalea&nbsp;&nbsp;&nbsp;&nbsp;&nbsp;&nbsp;&nbsp;&nbsp;<\/p>\n\n\n\n<p class=\"has-black-color has-white-background-color has-text-color has-background\">&#8211; patologie del V e VII nervo cranico <\/p>\n\n\n\n<p class=\"has-black-color has-white-background-color has-text-color has-background\">&#8211; patologie della funzione visiva di origine non organica<\/p>\n","protected":false},"excerpt":{"rendered":"<p>La NEUROFTALMOLOGIA&nbsp;si occupa delle&nbsp;malattie che interessano le strutture neurologiche del sistema visivo, dalla retina al nervo ottico fino alle aree cerebrali. Il\u00a0neuroftalmologo\u00a0identifica la causa e il trattamento di disturbi visivi &hellip; <\/p>\n","protected":false},"author":3,"featured_media":0,"parent":0,"menu_order":0,"comment_status":"closed","ping_status":"closed","template":"","meta":{"footnotes":""},"class_list":["post-138","page","type-page","status-publish","hentry"],"_links":{"self":[{"href":"https:\/\/www.alessandrafaraonioculista.it\/index.php?rest_route=\/wp\/v2\/pages\/138","targetHints":{"allow":["GET"]}}],"collection":[{"href":"https:\/\/www.alessandrafaraonioculista.it\/index.php?rest_route=\/wp\/v2\/pages"}],"about":[{"href":"https:\/\/www.alessandrafaraonioculista.it\/index.php?rest_route=\/wp\/v2\/types\/page"}],"author":[{"embeddable":true,"href":"https:\/\/www.alessandrafaraonioculista.it\/index.php?rest_route=\/wp\/v2\/users\/3"}],"replies":[{"embeddable":true,"href":"https:\/\/www.alessandrafaraonioculista.it\/index.php?rest_route=%2Fwp%2Fv2%2Fcomments&post=138"}],"version-history":[{"count":10,"href":"https:\/\/www.alessandrafaraonioculista.it\/index.php?rest_route=\/wp\/v2\/pages\/138\/revisions"}],"predecessor-version":[{"id":224,"href":"https:\/\/www.alessandrafaraonioculista.it\/index.php?rest_route=\/wp\/v2\/pages\/138\/revisions\/224"}],"wp:attachment":[{"href":"https:\/\/www.alessandrafaraonioculista.it\/index.php?rest_route=%2Fwp%2Fv2%2Fmedia&parent=138"}],"curies":[{"name":"wp","href":"https:\/\/api.w.org\/{rel}","templated":true}]}}