{"id":132,"date":"2022-03-09T15:30:20","date_gmt":"2022-03-09T14:30:20","guid":{"rendered":"https:\/\/www.alessandrafaraonioculista.it\/?page_id=132"},"modified":"2023-12-17T18:06:18","modified_gmt":"2023-12-17T17:06:18","slug":"studio-oculistico","status":"publish","type":"page","link":"https:\/\/www.alessandrafaraonioculista.it\/?page_id=132","title":{"rendered":"STUDIO OCULISTICO"},"content":{"rendered":"\n<div class=\"wp-block-group has-white-color has-vivid-cyan-blue-background-color has-text-color has-background\"><div class=\"wp-block-group__inner-container is-layout-flow wp-block-group-is-layout-flow\">\n<p class=\"has-white-color has-text-color\">La Dott.ssa Faraoni riceve presso il Centro Mediars della Polimedica a Pradamano (UD) in Via Bariglaria.<\/p>\n\n\n\n<p class=\"has-white-color has-text-color\">Le prenotazioni possono essere effettuate chiamando dal luned\u00ec al venerd\u00ec la segreteria al numero 0432641063<\/p>\n\n\n\n<p class=\"has-white-color has-text-color\">L\u2019ambulatorio sorge al primo piano dello stabile, all&#8217;interno del Centro Mediars<\/p>\n\n\n\n<p class=\"has-white-color has-text-color\">L\u2019ingresso, tramite scale,\u00a0 avviene dal portone a sinistra.<\/p>\n\n\n\n<p class=\"has-white-color has-text-color\">In caso di difficolt\u00e0 di deambulazione vi \u00e8 possibilit\u00e0 di accesso tramite comodo ascensore.<\/p>\n\n\n\n<p class=\"has-white-color has-text-color\">Ampio parcheggio gratuito disponibile\u00a0 in loco.<\/p>\n\n\n\n<p class=\"has-white-color has-text-color\">Sono accettati i pagamenti con bancomat e carta di credito.<\/p>\n<\/div><\/div>\n","protected":false},"excerpt":{"rendered":"<p>La Dott.ssa Faraoni riceve presso il Centro Mediars della Polimedica a Pradamano (UD) in Via Bariglaria. Le prenotazioni possono essere effettuate chiamando dal luned\u00ec al venerd\u00ec la segreteria al numero &hellip; <\/p>\n","protected":false},"author":3,"featured_media":0,"parent":0,"menu_order":0,"comment_status":"closed","ping_status":"closed","template":"","meta":{"footnotes":""},"class_list":["post-132","page","type-page","status-publish","hentry"],"_links":{"self":[{"href":"https:\/\/www.alessandrafaraonioculista.it\/index.php?rest_route=\/wp\/v2\/pages\/132","targetHints":{"allow":["GET"]}}],"collection":[{"href":"https:\/\/www.alessandrafaraonioculista.it\/index.php?rest_route=\/wp\/v2\/pages"}],"about":[{"href":"https:\/\/www.alessandrafaraonioculista.it\/index.php?rest_route=\/wp\/v2\/types\/page"}],"author":[{"embeddable":true,"href":"https:\/\/www.alessandrafaraonioculista.it\/index.php?rest_route=\/wp\/v2\/users\/3"}],"replies":[{"embeddable":true,"href":"https:\/\/www.alessandrafaraonioculista.it\/index.php?rest_route=%2Fwp%2Fv2%2Fcomments&post=132"}],"version-history":[{"count":3,"href":"https:\/\/www.alessandrafaraonioculista.it\/index.php?rest_route=\/wp\/v2\/pages\/132\/revisions"}],"predecessor-version":[{"id":409,"href":"https:\/\/www.alessandrafaraonioculista.it\/index.php?rest_route=\/wp\/v2\/pages\/132\/revisions\/409"}],"wp:attachment":[{"href":"https:\/\/www.alessandrafaraonioculista.it\/index.php?rest_route=%2Fwp%2Fv2%2Fmedia&parent=132"}],"curies":[{"name":"wp","href":"https:\/\/api.w.org\/{rel}","templated":true}]}}